{"id":1833,"date":"2026-01-21T16:39:26","date_gmt":"2026-01-21T16:39:26","guid":{"rendered":"https:\/\/ispartaerennakliyat.com\/?page_id=1833"},"modified":"2026-01-21T16:44:21","modified_gmt":"2026-01-21T16:44:21","slug":"resim-galeri","status":"publish","type":"page","link":"https:\/\/ispartaerennakliyat.com\/?page_id=1833","title":{"rendered":"Resim Galerisi"},"content":{"rendered":"\t\t<div data-elementor-type=\"wp-page\" data-elementor-id=\"1833\" class=\"elementor elementor-1833\">\n\t\t\t\t<div class=\"elementor-element elementor-element-e90af3e e-flex e-con-boxed e-con e-parent\" data-id=\"e90af3e\" data-element_type=\"container\">\n\t\t\t\t\t<div class=\"e-con-inner\">\n\t\t\t\t<div class=\"elementor-element elementor-element-8badf97 elementor-widget elementor-widget-wpo-carriar_title\" data-id=\"8badf97\" data-element_type=\"widget\" data-widget_type=\"wpo-carriar_title.default\">\n\t\t\t\t<div class=\"elementor-widget-container\">\n\t\t\t\t\t\t\t<div class=\"wpo-section-title\">\n\t\t\t<span>Isparta Eren Nakliyat<\/span><h2>Resim Galerisi<\/h2><p>G\u00fcvenilir Ta\u015f\u0131ma Hizmetleri<\/p>\t\t<\/div>\n\t\t\t\t<\/div>\n\t\t\t\t<\/div>\n\t\t\t\t\t<\/div>\n\t\t\t\t<\/div>\n\t\t<div class=\"elementor-element elementor-element-e915b30 e-flex e-con-boxed e-con e-parent\" data-id=\"e915b30\" data-element_type=\"container\">\n\t\t\t\t\t<div class=\"e-con-inner\">\n\t\t\t\t<div class=\"elementor-element elementor-element-e355db2 elementor-widget elementor-widget-image-gallery\" data-id=\"e355db2\" data-element_type=\"widget\" data-widget_type=\"image-gallery.default\">\n\t\t\t\t\t\t\t<div class=\"elementor-image-gallery\">\n\t\t\t<div id='gallery-1' class='gallery galleryid-1833 gallery-columns-4 gallery-size-medium'><figure class='gallery-item'>\n\t\t\t<div class='gallery-icon landscape'>\n\t\t\t\t<a data-elementor-open-lightbox=\"yes\" data-elementor-lightbox-slideshow=\"e355db2\" data-elementor-lightbox-title=\"pckg_pic19\" data-e-action-hash=\"#elementor-action%3Aaction%3Dlightbox%26settings%3DeyJpZCI6MTc5MSwidXJsIjoiaHR0cHM6XC9cL2lzcGFydGFlcmVubmFrbGl5YXQuY29tXC93cC1jb250ZW50XC91cGxvYWRzXC8yMDI2XC8wMVwvcGNrZ19waWMxOS5qcGciLCJzbGlkZXNob3ciOiJlMzU1ZGIyIn0%3D\" href='https:\/\/ispartaerennakliyat.com\/wp-content\/uploads\/2026\/01\/pckg_pic19.jpg'><img fetchpriority=\"high\" decoding=\"async\" width=\"300\" height=\"238\" src=\"https:\/\/ispartaerennakliyat.com\/wp-content\/uploads\/2026\/01\/pckg_pic19-300x238.jpg\" class=\"attachment-medium size-medium\" alt=\"\" srcset=\"https:\/\/ispartaerennakliyat.com\/wp-content\/uploads\/2026\/01\/pckg_pic19-300x238.jpg 300w, https:\/\/ispartaerennakliyat.com\/wp-content\/uploads\/2026\/01\/pckg_pic19-150x119.jpg 150w, https:\/\/ispartaerennakliyat.com\/wp-content\/uploads\/2026\/01\/pckg_pic19.jpg 460w\" sizes=\"(max-width: 300px) 100vw, 300px\" \/><\/a>\n\t\t\t<\/div><\/figure><figure class='gallery-item'>\n\t\t\t<div class='gallery-icon landscape'>\n\t\t\t\t<a data-elementor-open-lightbox=\"yes\" data-elementor-lightbox-slideshow=\"e355db2\" data-elementor-lightbox-title=\"pckg_pic5\" data-e-action-hash=\"#elementor-action%3Aaction%3Dlightbox%26settings%3DeyJpZCI6MTc5MCwidXJsIjoiaHR0cHM6XC9cL2lzcGFydGFlcmVubmFrbGl5YXQuY29tXC93cC1jb250ZW50XC91cGxvYWRzXC8yMDI2XC8wMVwvcGNrZ19waWM1LmpwZyIsInNsaWRlc2hvdyI6ImUzNTVkYjIifQ%3D%3D\" href='https:\/\/ispartaerennakliyat.com\/wp-content\/uploads\/2026\/01\/pckg_pic5.jpg'><img decoding=\"async\" width=\"300\" height=\"238\" src=\"https:\/\/ispartaerennakliyat.com\/wp-content\/uploads\/2026\/01\/pckg_pic5-300x238.jpg\" class=\"attachment-medium size-medium\" alt=\"\" srcset=\"https:\/\/ispartaerennakliyat.com\/wp-content\/uploads\/2026\/01\/pckg_pic5-300x238.jpg 300w, https:\/\/ispartaerennakliyat.com\/wp-content\/uploads\/2026\/01\/pckg_pic5-150x119.jpg 150w, https:\/\/ispartaerennakliyat.com\/wp-content\/uploads\/2026\/01\/pckg_pic5.jpg 460w\" sizes=\"(max-width: 300px) 100vw, 300px\" \/><\/a>\n\t\t\t<\/div><\/figure><figure class='gallery-item'>\n\t\t\t<div class='gallery-icon landscape'>\n\t\t\t\t<a data-elementor-open-lightbox=\"yes\" data-elementor-lightbox-slideshow=\"e355db2\" data-elementor-lightbox-title=\"pckg_pic3\" data-e-action-hash=\"#elementor-action%3Aaction%3Dlightbox%26settings%3DeyJpZCI6MTc4OSwidXJsIjoiaHR0cHM6XC9cL2lzcGFydGFlcmVubmFrbGl5YXQuY29tXC93cC1jb250ZW50XC91cGxvYWRzXC8yMDI2XC8wMVwvcGNrZ19waWMzLmpwZyIsInNsaWRlc2hvdyI6ImUzNTVkYjIifQ%3D%3D\" href='https:\/\/ispartaerennakliyat.com\/wp-content\/uploads\/2026\/01\/pckg_pic3.jpg'><img decoding=\"async\" width=\"300\" height=\"238\" src=\"https:\/\/ispartaerennakliyat.com\/wp-content\/uploads\/2026\/01\/pckg_pic3-300x238.jpg\" class=\"attachment-medium size-medium\" alt=\"\" srcset=\"https:\/\/ispartaerennakliyat.com\/wp-content\/uploads\/2026\/01\/pckg_pic3-300x238.jpg 300w, https:\/\/ispartaerennakliyat.com\/wp-content\/uploads\/2026\/01\/pckg_pic3-150x119.jpg 150w, https:\/\/ispartaerennakliyat.com\/wp-content\/uploads\/2026\/01\/pckg_pic3.jpg 460w\" sizes=\"(max-width: 300px) 100vw, 300px\" \/><\/a>\n\t\t\t<\/div><\/figure><figure class='gallery-item'>\n\t\t\t<div class='gallery-icon landscape'>\n\t\t\t\t<a data-elementor-open-lightbox=\"yes\" data-elementor-lightbox-slideshow=\"e355db2\" data-elementor-lightbox-title=\"pckg_pic1_2\" data-e-action-hash=\"#elementor-action%3Aaction%3Dlightbox%26settings%3DeyJpZCI6MTc4OCwidXJsIjoiaHR0cHM6XC9cL2lzcGFydGFlcmVubmFrbGl5YXQuY29tXC93cC1jb250ZW50XC91cGxvYWRzXC8yMDI2XC8wMVwvcGNrZ19waWMxXzIuanBnIiwic2xpZGVzaG93IjoiZTM1NWRiMiJ9\" href='https:\/\/ispartaerennakliyat.com\/wp-content\/uploads\/2026\/01\/pckg_pic1_2.jpg'><img loading=\"lazy\" decoding=\"async\" width=\"300\" height=\"238\" src=\"https:\/\/ispartaerennakliyat.com\/wp-content\/uploads\/2026\/01\/pckg_pic1_2-300x238.jpg\" class=\"attachment-medium size-medium\" alt=\"\" srcset=\"https:\/\/ispartaerennakliyat.com\/wp-content\/uploads\/2026\/01\/pckg_pic1_2-300x238.jpg 300w, https:\/\/ispartaerennakliyat.com\/wp-content\/uploads\/2026\/01\/pckg_pic1_2-150x119.jpg 150w, https:\/\/ispartaerennakliyat.com\/wp-content\/uploads\/2026\/01\/pckg_pic1_2.jpg 460w\" sizes=\"(max-width: 300px) 100vw, 300px\" \/><\/a>\n\t\t\t<\/div><\/figure><figure class='gallery-item'>\n\t\t\t<div class='gallery-icon landscape'>\n\t\t\t\t<a data-elementor-open-lightbox=\"yes\" data-elementor-lightbox-slideshow=\"e355db2\" data-elementor-lightbox-title=\"pckg_pic1_1\" data-e-action-hash=\"#elementor-action%3Aaction%3Dlightbox%26settings%3DeyJpZCI6MTc4NywidXJsIjoiaHR0cHM6XC9cL2lzcGFydGFlcmVubmFrbGl5YXQuY29tXC93cC1jb250ZW50XC91cGxvYWRzXC8yMDI2XC8wMVwvcGNrZ19waWMxXzEuanBnIiwic2xpZGVzaG93IjoiZTM1NWRiMiJ9\" href='https:\/\/ispartaerennakliyat.com\/wp-content\/uploads\/2026\/01\/pckg_pic1_1.jpg'><img loading=\"lazy\" decoding=\"async\" width=\"300\" height=\"238\" src=\"https:\/\/ispartaerennakliyat.com\/wp-content\/uploads\/2026\/01\/pckg_pic1_1-300x238.jpg\" class=\"attachment-medium size-medium\" alt=\"\" srcset=\"https:\/\/ispartaerennakliyat.com\/wp-content\/uploads\/2026\/01\/pckg_pic1_1-300x238.jpg 300w, https:\/\/ispartaerennakliyat.com\/wp-content\/uploads\/2026\/01\/pckg_pic1_1-150x119.jpg 150w, https:\/\/ispartaerennakliyat.com\/wp-content\/uploads\/2026\/01\/pckg_pic1_1.jpg 460w\" sizes=\"(max-width: 300px) 100vw, 300px\" \/><\/a>\n\t\t\t<\/div><\/figure><figure class='gallery-item'>\n\t\t\t<div class='gallery-icon landscape'>\n\t\t\t\t<a data-elementor-open-lightbox=\"yes\" data-elementor-lightbox-slideshow=\"e355db2\" data-elementor-lightbox-title=\"96856799\" data-e-action-hash=\"#elementor-action%3Aaction%3Dlightbox%26settings%3DeyJpZCI6MTc4NiwidXJsIjoiaHR0cHM6XC9cL2lzcGFydGFlcmVubmFrbGl5YXQuY29tXC93cC1jb250ZW50XC91cGxvYWRzXC8yMDI2XC8wMVwvOTY4NTY3OTkuanBnIiwic2xpZGVzaG93IjoiZTM1NWRiMiJ9\" href='https:\/\/ispartaerennakliyat.com\/wp-content\/uploads\/2026\/01\/96856799.jpg'><img loading=\"lazy\" decoding=\"async\" width=\"300\" height=\"238\" src=\"https:\/\/ispartaerennakliyat.com\/wp-content\/uploads\/2026\/01\/96856799-300x238.jpg\" class=\"attachment-medium size-medium\" alt=\"\" srcset=\"https:\/\/ispartaerennakliyat.com\/wp-content\/uploads\/2026\/01\/96856799-300x238.jpg 300w, https:\/\/ispartaerennakliyat.com\/wp-content\/uploads\/2026\/01\/96856799-150x119.jpg 150w, https:\/\/ispartaerennakliyat.com\/wp-content\/uploads\/2026\/01\/96856799.jpg 460w\" sizes=\"(max-width: 300px) 100vw, 300px\" \/><\/a>\n\t\t\t<\/div><\/figure><figure class='gallery-item'>\n\t\t\t<div class='gallery-icon landscape'>\n\t\t\t\t<a data-elementor-open-lightbox=\"yes\" data-elementor-lightbox-slideshow=\"e355db2\" data-elementor-lightbox-title=\"88900323\" data-e-action-hash=\"#elementor-action%3Aaction%3Dlightbox%26settings%3DeyJpZCI6MTc4NSwidXJsIjoiaHR0cHM6XC9cL2lzcGFydGFlcmVubmFrbGl5YXQuY29tXC93cC1jb250ZW50XC91cGxvYWRzXC8yMDI2XC8wMVwvODg5MDAzMjMuanBnIiwic2xpZGVzaG93IjoiZTM1NWRiMiJ9\" href='https:\/\/ispartaerennakliyat.com\/wp-content\/uploads\/2026\/01\/88900323.jpg'><img loading=\"lazy\" decoding=\"async\" width=\"300\" height=\"238\" src=\"https:\/\/ispartaerennakliyat.com\/wp-content\/uploads\/2026\/01\/88900323-300x238.jpg\" class=\"attachment-medium size-medium\" alt=\"\" srcset=\"https:\/\/ispartaerennakliyat.com\/wp-content\/uploads\/2026\/01\/88900323-300x238.jpg 300w, https:\/\/ispartaerennakliyat.com\/wp-content\/uploads\/2026\/01\/88900323-150x119.jpg 150w, https:\/\/ispartaerennakliyat.com\/wp-content\/uploads\/2026\/01\/88900323.jpg 460w\" sizes=\"(max-width: 300px) 100vw, 300px\" \/><\/a>\n\t\t\t<\/div><\/figure><figure class='gallery-item'>\n\t\t\t<div class='gallery-icon landscape'>\n\t\t\t\t<a data-elementor-open-lightbox=\"yes\" data-elementor-lightbox-slideshow=\"e355db2\" data-elementor-lightbox-title=\"88668848\" data-e-action-hash=\"#elementor-action%3Aaction%3Dlightbox%26settings%3DeyJpZCI6MTc4NCwidXJsIjoiaHR0cHM6XC9cL2lzcGFydGFlcmVubmFrbGl5YXQuY29tXC93cC1jb250ZW50XC91cGxvYWRzXC8yMDI2XC8wMVwvODg2Njg4NDguanBnIiwic2xpZGVzaG93IjoiZTM1NWRiMiJ9\" href='https:\/\/ispartaerennakliyat.com\/wp-content\/uploads\/2026\/01\/88668848.jpg'><img loading=\"lazy\" decoding=\"async\" width=\"300\" height=\"238\" src=\"https:\/\/ispartaerennakliyat.com\/wp-content\/uploads\/2026\/01\/88668848-300x238.jpg\" class=\"attachment-medium size-medium\" alt=\"\" srcset=\"https:\/\/ispartaerennakliyat.com\/wp-content\/uploads\/2026\/01\/88668848-300x238.jpg 300w, https:\/\/ispartaerennakliyat.com\/wp-content\/uploads\/2026\/01\/88668848-150x119.jpg 150w, https:\/\/ispartaerennakliyat.com\/wp-content\/uploads\/2026\/01\/88668848.jpg 460w\" sizes=\"(max-width: 300px) 100vw, 300px\" \/><\/a>\n\t\t\t<\/div><\/figure>\n\t\t<\/div>\n\t\t<\/div>\n\t\t\t\t\t\t<\/div>\n\t\t\t\t\t<\/div>\n\t\t\t\t<\/div>\n\t\t<div class=\"elementor-element elementor-element-419721c e-flex e-con-boxed e-con e-parent\" data-id=\"419721c\" data-element_type=\"container\">\n\t\t\t\t\t<div class=\"e-con-inner\">\n\t\t\t\t\t<\/div>\n\t\t\t\t<\/div>\n\t\t\t\t<\/div>\n\t\t","protected":false},"excerpt":{"rendered":"Isparta Eren Nakliyat Resim Galerisi G\u00fcvenilir Ta\u015f\u0131ma Hizmetleri","protected":false},"author":1,"featured_media":0,"parent":0,"menu_order":0,"comment_status":"closed","ping_status":"closed","template":"","meta":{"footnotes":""},"class_list":["post-1833","page","type-page","status-publish","hentry"],"_links":{"self":[{"href":"https:\/\/ispartaerennakliyat.com\/index.php?rest_route=\/wp\/v2\/pages\/1833","targetHints":{"allow":["GET"]}}],"collection":[{"href":"https:\/\/ispartaerennakliyat.com\/index.php?rest_route=\/wp\/v2\/pages"}],"about":[{"href":"https:\/\/ispartaerennakliyat.com\/index.php?rest_route=\/wp\/v2\/types\/page"}],"author":[{"embeddable":true,"href":"https:\/\/ispartaerennakliyat.com\/index.php?rest_route=\/wp\/v2\/users\/1"}],"replies":[{"embeddable":true,"href":"https:\/\/ispartaerennakliyat.com\/index.php?rest_route=%2Fwp%2Fv2%2Fcomments&post=1833"}],"version-history":[{"count":8,"href":"https:\/\/ispartaerennakliyat.com\/index.php?rest_route=\/wp\/v2\/pages\/1833\/revisions"}],"predecessor-version":[{"id":1842,"href":"https:\/\/ispartaerennakliyat.com\/index.php?rest_route=\/wp\/v2\/pages\/1833\/revisions\/1842"}],"wp:attachment":[{"href":"https:\/\/ispartaerennakliyat.com\/index.php?rest_route=%2Fwp%2Fv2%2Fmedia&parent=1833"}],"curies":[{"name":"wp","href":"https:\/\/api.w.org\/{rel}","templated":true}]}}